{"id":7851,"date":"2023-01-05T10:22:11","date_gmt":"2023-01-05T10:22:11","guid":{"rendered":"https:\/\/dev.senzati.com\/about-senzati\/"},"modified":"2023-01-05T10:22:11","modified_gmt":"2023-01-05T10:22:11","slug":"about-senzati","status":"publish","type":"page","link":"https:\/\/www.senzati.com\/de\/about-senzati\/","title":{"rendered":"About Senzati"},"content":{"rendered":"[vc_row type=&#8220;full_width_background&#8220; full_screen_row_position=&#8220;middle&#8220; column_margin=&#8220;default&#8220; column_direction=&#8220;default&#8220; column_direction_tablet=&#8220;default&#8220; column_direction_phone=&#8220;default&#8220; bg_color=&#8220;#000000&#8243; scene_position=&#8220;center&#8220; top_padding=&#8220;50&#8243; bottom_padding=&#8220;50&#8243; top_margin_phone=&#8220;-50px&#8220; text_color=&#8220;dark&#8220; text_align=&#8220;left&#8220; row_border_radius=&#8220;none&#8220; row_border_radius_applies=&#8220;bg&#8220; overflow=&#8220;visible&#8220; class=&#8220;shadow-block&#8220; overlay_strength=&#8220;0.3&#8243; gradient_direction=&#8220;left_to_right&#8220; shape_divider_position=&#8220;bottom&#8220; bg_image_animation=&#8220;none&#8220; gradient_type=&#8220;default&#8220; shape_type=&#8220;&#8220;][vc_column column_padding=&#8220;padding-5-percent&#8220; column_padding_tablet=&#8220;inherit&#8220; column_padding_phone=&#8220;inherit&#8220; column_padding_position=&#8220;all&#8220; column_element_direction_desktop=&#8220;default&#8220; column_element_spacing=&#8220;default&#8220; desktop_text_alignment=&#8220;default&#8220; tablet_text_alignment=&#8220;default&#8220; phone_text_alignment=&#8220;default&#8220; background_color=&#8220;#ffffff&#8220; background_color_opacity=&#8220;1&#8243; background_hover_color_opacity=&#8220;1&#8243; column_backdrop_filter=&#8220;none&#8220; column_shadow=&#8220;none&#8220; column_border_radius=&#8220;none&#8220; column_link_target=&#8220;_self&#8220; column_position=&#8220;default&#8220; gradient_direction=&#8220;left_to_right&#8220; overlay_strength=&#8220;0.3&#8243; width=&#8220;1\/1&#8243; tablet_width_inherit=&#8220;default&#8220; animation_type=&#8220;default&#8220; bg_image_animation=&#8220;none&#8220; border_type=&#8220;simple&#8220; column_border_width=&#8220;none&#8220; column_border_style=&#8220;solid&#8220; column_padding_type=&#8220;default&#8220; gradient_type=&#8220;default&#8220;][vc_custom_heading text=&#8220;ABOUT SENZATI&#8220; font_container=&#8220;tag:h1|text_align:left&#8220; use_theme_fonts=&#8220;yes&#8220; css=&#8220;.vc_custom_1672914073699{padding-bottom: 15px !important;}&#8220;][vc_column_text]Senzati wurde 2013 gegr\u00fcndet, um exklusiv mit Mercedes-Benz an der Entwicklung und Produktion von Luxus-Personentransportern zu arbeiten. Ziel war es von Anfang an, als einziger Hersteller der Branche sowohl \u00fcber die europ\u00e4ische Gesamtfahrzeug-Typgenehmigung als auch \u00fcber die Mercedes-Benz-Zulassung zu verf\u00fcgen. Die beliebtesten Luxusumbauten befinden sich auf der Mercedes V-Klasse und jedes Modell der Luxus-V-Klasse-Umbauten von Senzati ist vollst\u00e4ndig zugelassen. Um diese einzigartige Position zu erreichen, musste Senzati unz\u00e4hlige Genehmigungen durchlaufen:<\/p>\n<p>Sitz- und Curtain-Wall-Airbags m\u00fcssen erneut getestet werden, um sicherzustellen, dass die Airbag-Ausl\u00f6sung nicht durch die Neuausstattung des Luxus-Innenraums beeintr\u00e4chtigt wird.<\/p>\n<p>Trennw\u00e4nde und Mittelkonsolen m\u00fcssen einem ISO Load Partition Test unterzogen werden, um sicherzustellen, dass sie crashsicher sind.<\/p>\n<p>Das gesamte Fahrzeug mit allen m\u00f6glichen installierten und funktionierenden elektronischen Zubeh\u00f6rteilen muss einem EMV-Test (elektromagnetische Vertr\u00e4glichkeit) unterzogen werden. Dies gew\u00e4hrleistet zwei wichtige Faktoren. Am wichtigsten ist, dass die neu installierten elektronischen Komponenten und Zubeh\u00f6rteile den sicheren Betrieb des Fahrzeugs nicht beeintr\u00e4chtigen (Antiblockiersystem, elektronisches Gaspedal, Traktionskontrolle usw.) und zweitens, dass das Fahrzeug den korrekten Betrieb der Bordelektronik (Fernseher, Gegensprechanlage, Stereo usw.). Es macht keinen Sinn, einen vermeintlichen Luxusvan zu haben, wenn der Innenraum nicht richtig funktioniert.<\/p>\n<p>Alle Innenausstattungen und Stoffe m\u00fcssen einen Brenntest (Brandtest) durchlaufen, um sicherzustellen, dass keine giftigen D\u00e4mpfe freigesetzt werden, die Gegenst\u00e4nde schnell von selbst erl\u00f6schen und dass es nicht zu einer R\u00fcckz\u00fcndung kommen kann.<\/p>\n<p>Alle Sitzkonfigurationen und Sitze m\u00fcssen einem Zugtest (Crashtest) unterzogen werden, um sicherzustellen, dass sie einem potenziell enormen Aufprall standhalten. Dies ist besonders wichtig bei den Sitzen der VIP V-Klasse mit integrierten Sicherheitsgurten \u2013 das bedeutet, dass bei einem Unfall das gesamte Gewicht des Insassen von der Sitzstruktur getragen werden muss und nicht die Last \u00fcber einen direkt befestigten Gurt \u00fcbertragen wird zum Autochassis. Viele Umr\u00fcster behaupten, dass sie original Mercedes-Benz Sitze verwenden, aber ein Sitz aus einem G-Wagen oder einer S-Klasse ist nicht geeignet, um in einer luxuri\u00f6sen V-Klasse eingebaut zu werden. Dasselbe gilt f\u00fcr billige Imitate, die wie Originalsitze und -steuerger\u00e4te aussehen, aber nicht die n\u00f6tige Festigkeit haben, um einem Aufprall standzuhalten.<\/p>\n<p>Dar\u00fcber hinaus sind eine ganze Reihe weiterer Vorschriften einzuhalten, die umfassend daf\u00fcr sorgen, dass das Endfahrzeug sicher und konform ist.<\/p>\n<p>Nachdem alle oben genannten H\u00fcrden genommen wurden, m\u00fcssen die \u00c4nderungen von der Vehicle Certification Agency (VCA) genehmigt und Kontrollen und Dokumentationen eingef\u00fchrt werden, um die Konformit\u00e4t der Produktion sicherzustellen. Dadurch wird sichergestellt, dass jedes Senzati-Fahrzeug die strengen Vorschriften zum Schutz der Insassen und anderer Verkehrsteilnehmer erf\u00fcllt.<\/p>\n<p>Aus diesem Grund ist Senzati ein registrierter Fahrzeughersteller, der brandneue Fahrzeuge an seine Kunden liefert, und kein Konverter nach der Registrierung, der nicht genehmigte \u00c4nderungen an einem Gebrauchtfahrzeug vornimmt.<\/p>\n[\/vc_column_text][\/vc_column][\/vc_row]\n","protected":false},"excerpt":{"rendered":"<p>[vc_row type=&#8220;full_width_background&#8220; full_screen_row_position=&#8220;middle&#8220; column_margin=&#8220;default&#8220; column_direction=&#8220;default&#8220; column_direction_tablet=&#8220;default&#8220; column_direction_phone=&#8220;default&#8220; bg_color=&#8220;#000000&#8243; scene_position=&#8220;center&#8220; top_padding=&#8220;50&#8243; bottom_padding=&#8220;50&#8243; top_margin_phone=&#8220;-50px&#8220; text_color=&#8220;dark&#8220; text_align=&#8220;left&#8220; row_border_radius=&#8220;none&#8220; row_border_radius_applies=&#8220;bg&#8220; overflow=&#8220;visible&#8220; class=&#8220;shadow-block&#8220; overlay_strength=&#8220;0.3&#8243; gradient_direction=&#8220;left_to_right&#8220; shape_divider_position=&#8220;bottom&#8220; bg_image_animation=&#8220;none&#8220; gradient_type=&#8220;default&#8220; shape_type=&#8220;&#8220;][vc_column column_padding=&#8220;padding-5-percent&#8220; column_padding_tablet=&#8220;inherit&#8220; column_padding_phone=&#8220;inherit&#8220; column_padding_position=&#8220;all&#8220; column_element_direction_desktop=&#8220;default&#8220; column_element_spacing=&#8220;default&#8220;&#8230;<\/p>\n","protected":false},"author":1,"featured_media":0,"parent":0,"menu_order":0,"comment_status":"closed","ping_status":"closed","template":"","meta":{"_acf_changed":false,"inline_featured_image":false,"ngg_post_thumbnail":0,"footnotes":""},"class_list":["post-7851","page","type-page","status-publish"],"acf":[],"yoast_head":"<!-- This site is optimized with the Yoast SEO plugin v27.5 - https:\/\/yoast.com\/product\/yoast-seo-wordpress\/ -->\n<title>About Senzati - Senzati - Mercedes VIP V Class - Luxury People Carriers<\/title>\n<meta name=\"robots\" content=\"index, follow, max-snippet:-1, max-image-preview:large, max-video-preview:-1\" \/>\n<link rel=\"canonical\" href=\"https:\/\/www.senzati.com\/de\/about-senzati\/\" \/>\n<meta property=\"og:locale\" content=\"de_DE\" \/>\n<meta property=\"og:type\" content=\"article\" \/>\n<meta property=\"og:title\" content=\"About Senzati - Senzati - Mercedes VIP V Class - Luxury People Carriers\" \/>\n<meta property=\"og:description\" content=\"[vc_row type=&#8220;full_width_background&#8220; full_screen_row_position=&#8220;middle&#8220; column_margin=&#8220;default&#8220; column_direction=&#8220;default&#8220; column_direction_tablet=&#8220;default&#8220; column_direction_phone=&#8220;default&#8220; bg_color=&#8220;#000000&#8243; scene_position=&#8220;center&#8220; top_padding=&#8220;50&#8243; bottom_padding=&#8220;50&#8243; top_margin_phone=&#8220;-50px&#8220; text_color=&#8220;dark&#8220; text_align=&#8220;left&#8220; row_border_radius=&#8220;none&#8220; row_border_radius_applies=&#8220;bg&#8220; overflow=&#8220;visible&#8220; class=&#8220;shadow-block&#8220; overlay_strength=&#8220;0.3&#8243; gradient_direction=&#8220;left_to_right&#8220; shape_divider_position=&#8220;bottom&#8220; bg_image_animation=&#8220;none&#8220; gradient_type=&#8220;default&#8220; shape_type=&#8220;&#8220;][vc_column column_padding=&#8220;padding-5-percent&#8220; column_padding_tablet=&#8220;inherit&#8220; column_padding_phone=&#8220;inherit&#8220; column_padding_position=&#8220;all&#8220; column_element_direction_desktop=&#8220;default&#8220; column_element_spacing=&#8220;default&#8220;...\" \/>\n<meta property=\"og:url\" content=\"https:\/\/www.senzati.com\/de\/about-senzati\/\" \/>\n<meta property=\"og:site_name\" content=\"Senzati - Mercedes VIP V Class - Luxury People Carriers\" \/>\n<meta name=\"twitter:card\" content=\"summary_large_image\" \/>\n<meta name=\"twitter:label1\" content=\"Gesch\u00e4tzte Lesezeit\" \/>\n\t<meta name=\"twitter:data1\" content=\"3\u00a0Minuten\" \/>\n<script type=\"application\/ld+json\" class=\"yoast-schema-graph\">{\"@context\":\"https:\\\/\\\/schema.org\",\"@graph\":[{\"@type\":\"WebPage\",\"@id\":\"https:\\\/\\\/www.senzati.com\\\/de\\\/about-senzati\\\/\",\"url\":\"https:\\\/\\\/www.senzati.com\\\/de\\\/about-senzati\\\/\",\"name\":\"About Senzati - Senzati - Mercedes VIP V Class - Luxury People Carriers\",\"isPartOf\":{\"@id\":\"https:\\\/\\\/www.senzati.com\\\/de\\\/#website\"},\"datePublished\":\"2023-01-05T10:22:11+00:00\",\"breadcrumb\":{\"@id\":\"https:\\\/\\\/www.senzati.com\\\/de\\\/about-senzati\\\/#breadcrumb\"},\"inLanguage\":\"de\",\"potentialAction\":[{\"@type\":\"ReadAction\",\"target\":[\"https:\\\/\\\/www.senzati.com\\\/de\\\/about-senzati\\\/\"]}]},{\"@type\":\"BreadcrumbList\",\"@id\":\"https:\\\/\\\/www.senzati.com\\\/de\\\/about-senzati\\\/#breadcrumb\",\"itemListElement\":[{\"@type\":\"ListItem\",\"position\":1,\"name\":\"Home\",\"item\":\"https:\\\/\\\/www.senzati.com\\\/de\\\/\"},{\"@type\":\"ListItem\",\"position\":2,\"name\":\"About Senzati\"}]},{\"@type\":\"WebSite\",\"@id\":\"https:\\\/\\\/www.senzati.com\\\/de\\\/#website\",\"url\":\"https:\\\/\\\/www.senzati.com\\\/de\\\/\",\"name\":\"Senzati - Mercedes VIP V Class - Luxury People Carriers\",\"description\":\"Mercedes VIP V Class - Luxury People Carriers\",\"potentialAction\":[{\"@type\":\"SearchAction\",\"target\":{\"@type\":\"EntryPoint\",\"urlTemplate\":\"https:\\\/\\\/www.senzati.com\\\/de\\\/?s={search_term_string}\"},\"query-input\":{\"@type\":\"PropertyValueSpecification\",\"valueRequired\":true,\"valueName\":\"search_term_string\"}}],\"inLanguage\":\"de\"}]}<\/script>\n<!-- \/ Yoast SEO plugin. -->","yoast_head_json":{"title":"About Senzati - Senzati - Mercedes VIP V Class - Luxury People Carriers","robots":{"index":"index","follow":"follow","max-snippet":"max-snippet:-1","max-image-preview":"max-image-preview:large","max-video-preview":"max-video-preview:-1"},"canonical":"https:\/\/www.senzati.com\/de\/about-senzati\/","og_locale":"de_DE","og_type":"article","og_title":"About Senzati - Senzati - Mercedes VIP V Class - Luxury People Carriers","og_description":"[vc_row type=&#8220;full_width_background&#8220; full_screen_row_position=&#8220;middle&#8220; column_margin=&#8220;default&#8220; column_direction=&#8220;default&#8220; column_direction_tablet=&#8220;default&#8220; column_direction_phone=&#8220;default&#8220; bg_color=&#8220;#000000&#8243; scene_position=&#8220;center&#8220; top_padding=&#8220;50&#8243; bottom_padding=&#8220;50&#8243; top_margin_phone=&#8220;-50px&#8220; text_color=&#8220;dark&#8220; text_align=&#8220;left&#8220; row_border_radius=&#8220;none&#8220; row_border_radius_applies=&#8220;bg&#8220; overflow=&#8220;visible&#8220; class=&#8220;shadow-block&#8220; overlay_strength=&#8220;0.3&#8243; gradient_direction=&#8220;left_to_right&#8220; shape_divider_position=&#8220;bottom&#8220; bg_image_animation=&#8220;none&#8220; gradient_type=&#8220;default&#8220; shape_type=&#8220;&#8220;][vc_column column_padding=&#8220;padding-5-percent&#8220; column_padding_tablet=&#8220;inherit&#8220; column_padding_phone=&#8220;inherit&#8220; column_padding_position=&#8220;all&#8220; column_element_direction_desktop=&#8220;default&#8220; column_element_spacing=&#8220;default&#8220;...","og_url":"https:\/\/www.senzati.com\/de\/about-senzati\/","og_site_name":"Senzati - Mercedes VIP V Class - Luxury People Carriers","twitter_card":"summary_large_image","twitter_misc":{"Gesch\u00e4tzte Lesezeit":"3\u00a0Minuten"},"schema":{"@context":"https:\/\/schema.org","@graph":[{"@type":"WebPage","@id":"https:\/\/www.senzati.com\/de\/about-senzati\/","url":"https:\/\/www.senzati.com\/de\/about-senzati\/","name":"About Senzati - Senzati - Mercedes VIP V Class - Luxury People Carriers","isPartOf":{"@id":"https:\/\/www.senzati.com\/de\/#website"},"datePublished":"2023-01-05T10:22:11+00:00","breadcrumb":{"@id":"https:\/\/www.senzati.com\/de\/about-senzati\/#breadcrumb"},"inLanguage":"de","potentialAction":[{"@type":"ReadAction","target":["https:\/\/www.senzati.com\/de\/about-senzati\/"]}]},{"@type":"BreadcrumbList","@id":"https:\/\/www.senzati.com\/de\/about-senzati\/#breadcrumb","itemListElement":[{"@type":"ListItem","position":1,"name":"Home","item":"https:\/\/www.senzati.com\/de\/"},{"@type":"ListItem","position":2,"name":"About Senzati"}]},{"@type":"WebSite","@id":"https:\/\/www.senzati.com\/de\/#website","url":"https:\/\/www.senzati.com\/de\/","name":"Senzati - Mercedes VIP V Class - Luxury People Carriers","description":"Mercedes VIP V Class - Luxury People Carriers","potentialAction":[{"@type":"SearchAction","target":{"@type":"EntryPoint","urlTemplate":"https:\/\/www.senzati.com\/de\/?s={search_term_string}"},"query-input":{"@type":"PropertyValueSpecification","valueRequired":true,"valueName":"search_term_string"}}],"inLanguage":"de"}]}},"_links":{"self":[{"href":"https:\/\/www.senzati.com\/de\/wp-json\/wp\/v2\/pages\/7851","targetHints":{"allow":["GET"]}}],"collection":[{"href":"https:\/\/www.senzati.com\/de\/wp-json\/wp\/v2\/pages"}],"about":[{"href":"https:\/\/www.senzati.com\/de\/wp-json\/wp\/v2\/types\/page"}],"author":[{"embeddable":true,"href":"https:\/\/www.senzati.com\/de\/wp-json\/wp\/v2\/users\/1"}],"replies":[{"embeddable":true,"href":"https:\/\/www.senzati.com\/de\/wp-json\/wp\/v2\/comments?post=7851"}],"version-history":[{"count":0,"href":"https:\/\/www.senzati.com\/de\/wp-json\/wp\/v2\/pages\/7851\/revisions"}],"wp:attachment":[{"href":"https:\/\/www.senzati.com\/de\/wp-json\/wp\/v2\/media?parent=7851"}],"curies":[{"name":"wp","href":"https:\/\/api.w.org\/{rel}","templated":true}]}}