{"id":7865,"date":"2023-01-04T12:43:26","date_gmt":"2023-01-04T12:43:26","guid":{"rendered":"https:\/\/dev.senzati.com\/kontakt\/"},"modified":"2023-01-18T08:00:32","modified_gmt":"2023-01-18T08:00:32","slug":"kontakt","status":"publish","type":"page","link":"https:\/\/www.senzati.com\/de\/kontakt\/","title":{"rendered":"KONTAKT"},"content":{"rendered":"[vc_row type=&#8220;full_width_background&#8220; full_screen_row_position=&#8220;middle&#8220; column_margin=&#8220;default&#8220; column_direction=&#8220;default&#8220; column_direction_tablet=&#8220;default&#8220; column_direction_phone=&#8220;default&#8220; bg_color=&#8220;#000000&#8243; scene_position=&#8220;center&#8220; top_padding=&#8220;50&#8243; bottom_padding=&#8220;50&#8243; top_margin_phone=&#8220;-50px&#8220; text_color=&#8220;dark&#8220; text_align=&#8220;left&#8220; row_border_radius=&#8220;none&#8220; row_border_radius_applies=&#8220;bg&#8220; overflow=&#8220;visible&#8220; class=&#8220;shadow-block&#8220; overlay_strength=&#8220;0.3&#8243; gradient_direction=&#8220;left_to_right&#8220; shape_divider_position=&#8220;bottom&#8220; bg_image_animation=&#8220;none&#8220; gradient_type=&#8220;default&#8220; shape_type=&#8220;&#8220;][vc_column column_padding=&#8220;padding-5-percent&#8220; column_padding_tablet=&#8220;inherit&#8220; column_padding_phone=&#8220;inherit&#8220; column_padding_position=&#8220;all&#8220; column_element_direction_desktop=&#8220;default&#8220; column_element_spacing=&#8220;default&#8220; desktop_text_alignment=&#8220;default&#8220; tablet_text_alignment=&#8220;default&#8220; phone_text_alignment=&#8220;default&#8220; background_color=&#8220;#ffffff&#8220; background_color_opacity=&#8220;1&#8243; background_hover_color_opacity=&#8220;1&#8243; column_backdrop_filter=&#8220;none&#8220; column_shadow=&#8220;none&#8220; column_border_radius=&#8220;none&#8220; column_link_target=&#8220;_self&#8220; column_position=&#8220;default&#8220; gradient_direction=&#8220;left_to_right&#8220; overlay_strength=&#8220;0.3&#8243; width=&#8220;1\/1&#8243; tablet_width_inherit=&#8220;default&#8220; animation_type=&#8220;default&#8220; bg_image_animation=&#8220;none&#8220; border_type=&#8220;simple&#8220; column_border_width=&#8220;none&#8220; column_border_style=&#8220;solid&#8220; column_padding_type=&#8220;default&#8220; gradient_type=&#8220;default&#8220;][vc_custom_heading text=&#8220;KONTAKT&#8220; font_container=&#8220;tag:h1|text_align:left&#8220; use_theme_fonts=&#8220;yes&#8220; css=&#8220;.vc_custom_1672836098476{padding-bottom: 15px !important;}&#8220;][vc_column_text]<strong>Fragen Sie Senzati<sup>\u00ae<\/sup><\/strong><\/p>\n<p>Egal, ob Sie den Umbau einer bestehenden Mercedes V-Klasse oder einer brandneuen Luxus-V-Klasse aus unserem Bestand in Betracht ziehen, rufen Sie uns einfach an, um dies zu besprechen. Wir k\u00f6nnen pers\u00f6nliche Vorf\u00fchrungen organisieren, Sie beim Design beraten und Sie durch den Beschaffungsprozess f\u00fchren. Senzati<sup>\u00ae&nbsp;<\/sup> h\u00e4lt mehrere Fahrgestelle auf Lager, bereit f\u00fcr den Umbau. Wir liefern neue, ma\u00dfgeschneiderte Fahrzeuge nach genauen Kundenspezifikationen in nur 6 Wochen. ls f\u00fchrender Konverter der VIP V-Klasse in Gro\u00dfbritannien ist Senzati perfekt aufgestellt, um Ihre Anforderungen zu erf\u00fcllen<\/p>\n<hr>\n<p><strong>Vertrauen Sie Senzati<sup>\u00ae<\/sup><\/strong><\/p>\n<p>Wenn Sie auf der Suche nach einem luxuri\u00f6sen Personentransporter oder mobilen B\u00fcro sind, k\u00f6nnen Sie sich darauf verlassen, dass Senzati<sup>\u00ae&nbsp;<\/sup> ein wundersch\u00f6nes Fahrzeug herstellt, das den h\u00f6chstm\u00f6glichen Standards entspricht. Unsere VIP V-Klasse wird innerhalb ihres zul\u00e4ssigen Konstruktionsgewichts gebaut und unsere Sitze und verl\u00e4ngerten Sitzschienen haben den europ\u00e4ischen Crashtest bestanden. Jedes Senzati<sup>\u00ae&nbsp;<\/sup>-Fahrzeug hat die elektronische EMV-Zulassung f\u00fcr elektronische Emissionen und St\u00f6rfestigkeit bestanden, und Ihr Fahrzeug wird mit europ\u00e4ischer Gesamtfahrzeug-Typgenehmigung und voller Mercedes-Benz-Garantie geliefert.&nbsp; Unsere luxuri\u00f6se V-Klasse ist vollst\u00e4ndig zertifiziert und Weltklasse.<\/p>\n<hr>\n<p><strong>Besuchen Sie Senzati<sup>\u00ae<\/sup><\/strong><\/p>\n<p>Da wir im Vereinigten K\u00f6nigreich entwickeln und produzieren, sind Besuche in unserer Produktionsst\u00e4tte am Flughafen Thruxton, Hampshire, willkommen (und erw\u00fcnscht). Um die Vertraulichkeit unserer Kunden zu gew\u00e4hrleisten, m\u00fcssen Besuche ausschlie\u00dflich nach Vereinbarung erfolgen. ir sind zu finden unter:- Hanger 2, Thruxton Airport, Andover, Hampshire SP11 8PN<\/p>\n<hr>\n[\/vc_column_text][vc_row_inner column_margin=&#8220;default&#8220; column_direction=&#8220;default&#8220; column_direction_tablet=&#8220;default&#8220; column_direction_phone=&#8220;default&#8220; top_padding=&#8220;20px&#8220; text_align=&#8220;left&#8220; row_position=&#8220;default&#8220; row_position_tablet=&#8220;inherit&#8220; row_position_phone=&#8220;inherit&#8220; overflow=&#8220;visible&#8220; pointer_events=&#8220;all&#8220;][vc_column_inner column_padding=&#8220;no-extra-padding&#8220; column_padding_tablet=&#8220;inherit&#8220; column_padding_phone=&#8220;inherit&#8220; column_padding_position=&#8220;all&#8220; column_element_direction_desktop=&#8220;default&#8220; column_element_spacing=&#8220;default&#8220; desktop_text_alignment=&#8220;default&#8220; tablet_text_alignment=&#8220;default&#8220; phone_text_alignment=&#8220;default&#8220; background_color_opacity=&#8220;1&#8243; background_hover_color_opacity=&#8220;1&#8243; column_backdrop_filter=&#8220;none&#8220; column_shadow=&#8220;none&#8220; column_border_radius=&#8220;none&#8220; column_link_target=&#8220;_self&#8220; overflow=&#8220;visible&#8220; gradient_direction=&#8220;left_to_right&#8220; overlay_strength=&#8220;0.3&#8243; width=&#8220;1\/2&#8243; tablet_width_inherit=&#8220;default&#8220; animation_type=&#8220;default&#8220; bg_image_animation=&#8220;none&#8220; border_type=&#8220;simple&#8220; column_border_width=&#8220;none&#8220; column_border_style=&#8220;solid&#8220;][vc_column_text]<strong>Contact Senzati<sup>\u00ae<\/sup><\/strong><\/p>\n<p>Hanger 2<br \/>\nThruxton Airport<br \/>\nAndover<br \/>\nHampshire SP11 8PN<\/p>\n<p>Tel: +44 (0) 8455 199007<br \/>\nTel: +44 (0) 1722 780099<br \/>\nEmail:&nbsp;<a href=\"mailto:sales@senzati.com\">sales@senzati.com<\/a>[\/vc_column_text][\/vc_column_inner][vc_column_inner column_padding=&#8220;no-extra-padding&#8220; column_padding_tablet=&#8220;inherit&#8220; column_padding_phone=&#8220;inherit&#8220; column_padding_position=&#8220;all&#8220; column_element_direction_desktop=&#8220;default&#8220; column_element_spacing=&#8220;default&#8220; desktop_text_alignment=&#8220;default&#8220; tablet_text_alignment=&#8220;default&#8220; phone_text_alignment=&#8220;default&#8220; background_color_opacity=&#8220;1&#8243; background_hover_color_opacity=&#8220;1&#8243; column_backdrop_filter=&#8220;none&#8220; column_shadow=&#8220;none&#8220; column_border_radius=&#8220;none&#8220; column_link_target=&#8220;_self&#8220; overflow=&#8220;visible&#8220; gradient_direction=&#8220;left_to_right&#8220; overlay_strength=&#8220;0.3&#8243; width=&#8220;1\/2&#8243; tablet_width_inherit=&#8220;default&#8220; animation_type=&#8220;default&#8220; bg_image_animation=&#8220;none&#8220; border_type=&#8220;simple&#8220; column_border_width=&#8220;none&#8220; column_border_style=&#8220;solid&#8220;][nectar_gmap map_type=&#8220;google&#8220; zoom=&#8220;15&#8243; marker_style=&#8220;default&#8220; nectar_marker_color=&#8220;accent-color&#8220; size=&#8220;350&#8243; map_center_lat=&#8220;51.202930&#8243; map_center_lng=&#8220;-1.605300&#8243; map_markers=&#8220;51.202930 | -1.605300 | Senzati&#8220;][\/vc_column_inner][\/vc_row_inner][\/vc_column][\/vc_row]\n","protected":false},"excerpt":{"rendered":"<p>[vc_row type=&#8220;full_width_background&#8220; full_screen_row_position=&#8220;middle&#8220; column_margin=&#8220;default&#8220; column_direction=&#8220;default&#8220; column_direction_tablet=&#8220;default&#8220; column_direction_phone=&#8220;default&#8220; bg_color=&#8220;#000000&#8243; scene_position=&#8220;center&#8220; top_padding=&#8220;50&#8243; bottom_padding=&#8220;50&#8243; top_margin_phone=&#8220;-50px&#8220; text_color=&#8220;dark&#8220; text_align=&#8220;left&#8220; row_border_radius=&#8220;none&#8220; row_border_radius_applies=&#8220;bg&#8220; overflow=&#8220;visible&#8220; class=&#8220;shadow-block&#8220; overlay_strength=&#8220;0.3&#8243; gradient_direction=&#8220;left_to_right&#8220; shape_divider_position=&#8220;bottom&#8220; bg_image_animation=&#8220;none&#8220; gradient_type=&#8220;default&#8220; shape_type=&#8220;&#8220;][vc_column column_padding=&#8220;padding-5-percent&#8220; column_padding_tablet=&#8220;inherit&#8220; column_padding_phone=&#8220;inherit&#8220; column_padding_position=&#8220;all&#8220; column_element_direction_desktop=&#8220;default&#8220; column_element_spacing=&#8220;default&#8220;&#8230;<\/p>\n","protected":false},"author":1,"featured_media":0,"parent":0,"menu_order":0,"comment_status":"closed","ping_status":"closed","template":"","meta":{"_acf_changed":false,"inline_featured_image":false,"ngg_post_thumbnail":0,"footnotes":""},"class_list":["post-7865","page","type-page","status-publish"],"acf":[],"yoast_head":"<!-- This site is optimized with the Yoast SEO plugin v27.5 - https:\/\/yoast.com\/product\/yoast-seo-wordpress\/ -->\n<title>KONTAKT - Senzati - Mercedes VIP V Class - Luxury People Carriers<\/title>\n<meta name=\"robots\" content=\"index, follow, max-snippet:-1, max-image-preview:large, max-video-preview:-1\" \/>\n<link rel=\"canonical\" href=\"https:\/\/www.senzati.com\/de\/kontakt\/\" \/>\n<meta property=\"og:locale\" content=\"de_DE\" \/>\n<meta property=\"og:type\" content=\"article\" \/>\n<meta property=\"og:title\" content=\"KONTAKT - Senzati - Mercedes VIP V Class - Luxury People Carriers\" \/>\n<meta property=\"og:description\" content=\"[vc_row type=&#8220;full_width_background&#8220; full_screen_row_position=&#8220;middle&#8220; column_margin=&#8220;default&#8220; column_direction=&#8220;default&#8220; column_direction_tablet=&#8220;default&#8220; column_direction_phone=&#8220;default&#8220; bg_color=&#8220;#000000&#8243; scene_position=&#8220;center&#8220; top_padding=&#8220;50&#8243; bottom_padding=&#8220;50&#8243; top_margin_phone=&#8220;-50px&#8220; text_color=&#8220;dark&#8220; text_align=&#8220;left&#8220; row_border_radius=&#8220;none&#8220; row_border_radius_applies=&#8220;bg&#8220; overflow=&#8220;visible&#8220; class=&#8220;shadow-block&#8220; overlay_strength=&#8220;0.3&#8243; gradient_direction=&#8220;left_to_right&#8220; shape_divider_position=&#8220;bottom&#8220; bg_image_animation=&#8220;none&#8220; gradient_type=&#8220;default&#8220; shape_type=&#8220;&#8220;][vc_column column_padding=&#8220;padding-5-percent&#8220; column_padding_tablet=&#8220;inherit&#8220; column_padding_phone=&#8220;inherit&#8220; column_padding_position=&#8220;all&#8220; column_element_direction_desktop=&#8220;default&#8220; column_element_spacing=&#8220;default&#8220;...\" \/>\n<meta property=\"og:url\" content=\"https:\/\/www.senzati.com\/de\/kontakt\/\" \/>\n<meta property=\"og:site_name\" content=\"Senzati - Mercedes VIP V Class - Luxury People Carriers\" \/>\n<meta property=\"article:modified_time\" content=\"2023-01-18T08:00:32+00:00\" \/>\n<meta name=\"twitter:card\" content=\"summary_large_image\" \/>\n<meta name=\"twitter:label1\" content=\"Gesch\u00e4tzte Lesezeit\" \/>\n\t<meta name=\"twitter:data1\" content=\"4\u00a0Minuten\" \/>\n<script type=\"application\/ld+json\" class=\"yoast-schema-graph\">{\"@context\":\"https:\\\/\\\/schema.org\",\"@graph\":[{\"@type\":\"WebPage\",\"@id\":\"https:\\\/\\\/www.senzati.com\\\/de\\\/kontakt\\\/\",\"url\":\"https:\\\/\\\/www.senzati.com\\\/de\\\/kontakt\\\/\",\"name\":\"KONTAKT - Senzati - Mercedes VIP V Class - Luxury People Carriers\",\"isPartOf\":{\"@id\":\"https:\\\/\\\/www.senzati.com\\\/de\\\/#website\"},\"datePublished\":\"2023-01-04T12:43:26+00:00\",\"dateModified\":\"2023-01-18T08:00:32+00:00\",\"breadcrumb\":{\"@id\":\"https:\\\/\\\/www.senzati.com\\\/de\\\/kontakt\\\/#breadcrumb\"},\"inLanguage\":\"de\",\"potentialAction\":[{\"@type\":\"ReadAction\",\"target\":[\"https:\\\/\\\/www.senzati.com\\\/de\\\/kontakt\\\/\"]}]},{\"@type\":\"BreadcrumbList\",\"@id\":\"https:\\\/\\\/www.senzati.com\\\/de\\\/kontakt\\\/#breadcrumb\",\"itemListElement\":[{\"@type\":\"ListItem\",\"position\":1,\"name\":\"Home\",\"item\":\"https:\\\/\\\/www.senzati.com\\\/de\\\/\"},{\"@type\":\"ListItem\",\"position\":2,\"name\":\"KONTAKT\"}]},{\"@type\":\"WebSite\",\"@id\":\"https:\\\/\\\/www.senzati.com\\\/de\\\/#website\",\"url\":\"https:\\\/\\\/www.senzati.com\\\/de\\\/\",\"name\":\"Senzati - Mercedes VIP V Class - Luxury People Carriers\",\"description\":\"Mercedes VIP V Class - Luxury People Carriers\",\"potentialAction\":[{\"@type\":\"SearchAction\",\"target\":{\"@type\":\"EntryPoint\",\"urlTemplate\":\"https:\\\/\\\/www.senzati.com\\\/de\\\/?s={search_term_string}\"},\"query-input\":{\"@type\":\"PropertyValueSpecification\",\"valueRequired\":true,\"valueName\":\"search_term_string\"}}],\"inLanguage\":\"de\"}]}<\/script>\n<!-- \/ Yoast SEO plugin. -->","yoast_head_json":{"title":"KONTAKT - Senzati - Mercedes VIP V Class - Luxury People Carriers","robots":{"index":"index","follow":"follow","max-snippet":"max-snippet:-1","max-image-preview":"max-image-preview:large","max-video-preview":"max-video-preview:-1"},"canonical":"https:\/\/www.senzati.com\/de\/kontakt\/","og_locale":"de_DE","og_type":"article","og_title":"KONTAKT - Senzati - Mercedes VIP V Class - Luxury People Carriers","og_description":"[vc_row type=&#8220;full_width_background&#8220; full_screen_row_position=&#8220;middle&#8220; column_margin=&#8220;default&#8220; column_direction=&#8220;default&#8220; column_direction_tablet=&#8220;default&#8220; column_direction_phone=&#8220;default&#8220; bg_color=&#8220;#000000&#8243; scene_position=&#8220;center&#8220; top_padding=&#8220;50&#8243; bottom_padding=&#8220;50&#8243; top_margin_phone=&#8220;-50px&#8220; text_color=&#8220;dark&#8220; text_align=&#8220;left&#8220; row_border_radius=&#8220;none&#8220; row_border_radius_applies=&#8220;bg&#8220; overflow=&#8220;visible&#8220; class=&#8220;shadow-block&#8220; overlay_strength=&#8220;0.3&#8243; gradient_direction=&#8220;left_to_right&#8220; shape_divider_position=&#8220;bottom&#8220; bg_image_animation=&#8220;none&#8220; gradient_type=&#8220;default&#8220; shape_type=&#8220;&#8220;][vc_column column_padding=&#8220;padding-5-percent&#8220; column_padding_tablet=&#8220;inherit&#8220; column_padding_phone=&#8220;inherit&#8220; column_padding_position=&#8220;all&#8220; column_element_direction_desktop=&#8220;default&#8220; column_element_spacing=&#8220;default&#8220;...","og_url":"https:\/\/www.senzati.com\/de\/kontakt\/","og_site_name":"Senzati - Mercedes VIP V Class - Luxury People Carriers","article_modified_time":"2023-01-18T08:00:32+00:00","twitter_card":"summary_large_image","twitter_misc":{"Gesch\u00e4tzte Lesezeit":"4\u00a0Minuten"},"schema":{"@context":"https:\/\/schema.org","@graph":[{"@type":"WebPage","@id":"https:\/\/www.senzati.com\/de\/kontakt\/","url":"https:\/\/www.senzati.com\/de\/kontakt\/","name":"KONTAKT - Senzati - Mercedes VIP V Class - Luxury People Carriers","isPartOf":{"@id":"https:\/\/www.senzati.com\/de\/#website"},"datePublished":"2023-01-04T12:43:26+00:00","dateModified":"2023-01-18T08:00:32+00:00","breadcrumb":{"@id":"https:\/\/www.senzati.com\/de\/kontakt\/#breadcrumb"},"inLanguage":"de","potentialAction":[{"@type":"ReadAction","target":["https:\/\/www.senzati.com\/de\/kontakt\/"]}]},{"@type":"BreadcrumbList","@id":"https:\/\/www.senzati.com\/de\/kontakt\/#breadcrumb","itemListElement":[{"@type":"ListItem","position":1,"name":"Home","item":"https:\/\/www.senzati.com\/de\/"},{"@type":"ListItem","position":2,"name":"KONTAKT"}]},{"@type":"WebSite","@id":"https:\/\/www.senzati.com\/de\/#website","url":"https:\/\/www.senzati.com\/de\/","name":"Senzati - Mercedes VIP V Class - Luxury People Carriers","description":"Mercedes VIP V Class - Luxury People Carriers","potentialAction":[{"@type":"SearchAction","target":{"@type":"EntryPoint","urlTemplate":"https:\/\/www.senzati.com\/de\/?s={search_term_string}"},"query-input":{"@type":"PropertyValueSpecification","valueRequired":true,"valueName":"search_term_string"}}],"inLanguage":"de"}]}},"_links":{"self":[{"href":"https:\/\/www.senzati.com\/de\/wp-json\/wp\/v2\/pages\/7865","targetHints":{"allow":["GET"]}}],"collection":[{"href":"https:\/\/www.senzati.com\/de\/wp-json\/wp\/v2\/pages"}],"about":[{"href":"https:\/\/www.senzati.com\/de\/wp-json\/wp\/v2\/types\/page"}],"author":[{"embeddable":true,"href":"https:\/\/www.senzati.com\/de\/wp-json\/wp\/v2\/users\/1"}],"replies":[{"embeddable":true,"href":"https:\/\/www.senzati.com\/de\/wp-json\/wp\/v2\/comments?post=7865"}],"version-history":[{"count":1,"href":"https:\/\/www.senzati.com\/de\/wp-json\/wp\/v2\/pages\/7865\/revisions"}],"predecessor-version":[{"id":7866,"href":"https:\/\/www.senzati.com\/de\/wp-json\/wp\/v2\/pages\/7865\/revisions\/7866"}],"wp:attachment":[{"href":"https:\/\/www.senzati.com\/de\/wp-json\/wp\/v2\/media?parent=7865"}],"curies":[{"name":"wp","href":"https:\/\/api.w.org\/{rel}","templated":true}]}}