{"id":7874,"date":"2023-01-04T12:07:15","date_gmt":"2023-01-04T12:07:15","guid":{"rendered":"https:\/\/dev.senzati.com\/guida-allacquisto\/"},"modified":"2023-01-18T08:23:36","modified_gmt":"2023-01-18T08:23:36","slug":"guida-allacquisto","status":"publish","type":"page","link":"https:\/\/www.senzati.com\/it\/guida-allacquisto\/","title":{"rendered":"GUIDA ALL&#8217;ACQUISTO"},"content":{"rendered":"[vc_row type=&#8221;full_width_background&#8221; full_screen_row_position=&#8221;middle&#8221; column_margin=&#8221;default&#8221; column_direction=&#8221;default&#8221; column_direction_tablet=&#8221;default&#8221; column_direction_phone=&#8221;default&#8221; bg_color=&#8221;#000000&#8243; scene_position=&#8221;center&#8221; top_padding=&#8221;50&#8243; bottom_padding=&#8221;50&#8243; top_margin_phone=&#8221;-50px&#8221; text_color=&#8221;dark&#8221; text_align=&#8221;left&#8221; row_border_radius=&#8221;none&#8221; row_border_radius_applies=&#8221;bg&#8221; overflow=&#8221;visible&#8221; class=&#8221;shadow-block&#8221; overlay_strength=&#8221;0.3&#8243; gradient_direction=&#8221;left_to_right&#8221; shape_divider_position=&#8221;bottom&#8221; bg_image_animation=&#8221;none&#8221; gradient_type=&#8221;default&#8221; shape_type=&#8221;&#8221;][vc_column column_padding=&#8221;padding-5-percent&#8221; column_padding_tablet=&#8221;inherit&#8221; column_padding_phone=&#8221;inherit&#8221; column_padding_position=&#8221;all&#8221; column_element_direction_desktop=&#8221;default&#8221; column_element_spacing=&#8221;default&#8221; desktop_text_alignment=&#8221;default&#8221; tablet_text_alignment=&#8221;default&#8221; phone_text_alignment=&#8221;default&#8221; background_color=&#8221;#ffffff&#8221; background_color_opacity=&#8221;1&#8243; background_hover_color_opacity=&#8221;1&#8243; column_backdrop_filter=&#8221;none&#8221; column_shadow=&#8221;none&#8221; column_border_radius=&#8221;none&#8221; column_link_target=&#8221;_self&#8221; column_position=&#8221;default&#8221; gradient_direction=&#8221;left_to_right&#8221; overlay_strength=&#8221;0.3&#8243; width=&#8221;1\/1&#8243; tablet_width_inherit=&#8221;default&#8221; animation_type=&#8221;default&#8221; bg_image_animation=&#8221;none&#8221; border_type=&#8221;simple&#8221; column_border_width=&#8221;none&#8221; column_border_style=&#8221;solid&#8221; column_padding_type=&#8221;default&#8221; gradient_type=&#8221;default&#8221;][vc_custom_heading text=&#8221;GUIDA ALL&#8217;ACQUISTO&#8221; font_container=&#8221;tag:h1|text_align:left&#8221; use_theme_fonts=&#8221;yes&#8221; css=&#8221;.vc_custom_1672834177863{padding-bottom: 15px !important;}&#8221;][vc_column_text]Se stai pensando di acquistare un Mercedes-Benz Vito, Classe V o Sprinter aggiornato, ecco alcuni suggerimenti di cui dovresti probabilmente essere a conoscenza:-<\/p>\n<p>1. Assicurarsi che il veicolo abbia una targa secondaria del telaio che definisca chiaramente chi ha modificato il veicolo e il numero &#8220;E&#8221; della sua omologazione. Deve trovarsi accanto alla targhetta telaio originale del Costruttore sotto il cofano o all&#8217;interno di una delle porte anteriori.<\/p>\n<p>2. Assicurarsi che il veicolo non sia in sovrappeso. \u00c8 impossibile aggiornare l&#8217;interno di un veicolo senza aggiungere peso e ogni veicolo ha un peso lordo massimo stabilito dal produttore originale. Se questo limite viene superato, l&#8217;assicurazione e la garanzia non saranno valide. Non \u00e8 sicuro guidare un veicolo in sovrappeso. In termini semplici, \u00e8 necessario detrarre 75 kg dal peso lordo del veicolo per ogni posto a sedere per calcolare il peso netto del veicolo senza passeggeri. Una Classe V convertita con un GVW di 3100 Kg non dovrebbe pesare pi\u00f9 di 2650 Kg con 6 posti a sedere. Uno Sprinter da 3500Kg con 8 posti non dovrebbe pesare pi\u00f9 di 2900Kg senza passeggeri.<\/p>\n<p>3. Partizione del conducente: se il veicolo che ti interessa dispone di una partizione del conducente, \u00e8 un requisito Mercedes-Benz superare un test di partizione del carico ISO. Questo \u00e8 progettato per proteggere il conducente e il copilota in caso di incidente.<\/p>\n<p>3.1 Spazio del conducente \u2013 La maggior parte dei divisori del conducente aftermarket limita lo spazio disponibile per il conducente. Dal punto di vista della sicurezza e del comfort, \u00e8 imperativo che il conducente possa regolare completamente il proprio sedile per ottimizzare la propria posizione di guida. Assicurati di sederti al posto di guida e, se hai un autista o una guardia di sicurezza, assicurati che provino prima di acquistare.<\/p>\n<p>4. Sedili: se i sedili sono stati aggiornati, vorrai vedere la prova che hanno superato un test di trazione nel veicolo per ottenere lo stato di autovettura europea M1. Ci\u00f2 garantisce che i fissaggi del sedile, della cintura di sicurezza e della base del sedile siano abbastanza resistenti da resistere a un incidente.<\/p>\n<p>5. Poggiatesta &#8211; esiste un requisito legale per un poggiatesta che deve avere un&#8217;altezza minima di 800 mm dalla base del sedile al centro del poggiatesta. Se il veicolo che stai considerando ha poggiatesta particolarmente bassi a causa dei sedili non standard, saranno inutili in caso di incidente e illegali.<\/p>\n<p>6. Aggiornamenti elettrici: se un veicolo presenta modifiche elettriche, l&#8217;intero veicolo deve essere sottoposto nuovamente al test EMC. Ci\u00f2 garantisce che l&#8217;installazione non influisca sul corretto funzionamento dei sistemi del veicolo (ABS, controllo della trazione, acceleratore, freni, ecc.).<\/p>\n<p>7. Zone di accartocciamento \u2013 Quando si aggiorna un veicolo, nessuna attrezzatura deve essere posizionata tra la pelle interna ed esterna del veicolo. I produttori spendono notevoli sforzi per garantire che i veicoli siano al sicuro in caso di impatto laterale (anzi qualsiasi impatto) e lo spazio chiaramente indicato tra i mobili laterali di fabbrica e la pelle esterna del veicolo \u00e8 progettato tenendo presente questo. L&#8217;installazione di apparecchiature aggiuntive in queste aree, come casseforti e macchine da caff\u00e8, riduce la capacit\u00e0 del veicolo di proteggere gli occupanti in caso di incidente. Questa pratica \u00e8 assolutamente vietata dal Costruttore Originale.<\/p>\n<p>8. Approvazioni\/Omologazione \u2013 Se il convertitore che stai prendendo in considerazione afferma di essere &#8220;Approvato&#8221; o &#8220;Omologato&#8221;, chiedi da chi? \u00c8 facile parlare con il produttore originale o controllare la loro omologazione e confermarlo.<\/p>\n<p>9. Garanzia \u2013 Se un potenziale trasformatore afferma che la garanzia del produttore originale rimane inalterata dalla sua conversione, verificare con il produttore originale.<\/p>\n<p>10. Esistono tre modi per immatricolare un veicolo modificato nel Regno Unito. Il primo \u00e8 completare la conversione dopo che il veicolo \u00e8 stato immatricolato, il che evita gli aspetti legali del test elettrico, del crash test e di qualsiasi altra forma di ispezione di sicurezza. Questo dovrebbe essere evitato. In secondo luogo, esiste l&#8217;IVA (Individual Vehicle Approval) che non effettua alcun test fisico delle varie modifiche al veicolo. \u00c8 un&#8217;ispezione visiva. Questo non deve essere confuso con l&#8217;omologazione. Infine, c&#8217;\u00e8 l&#8217;omologazione dell&#8217;intero veicolo della Comunit\u00e0 europea, che \u00e8 il percorso intrapreso da tutti i principali produttori. Garantisce che ogni modifica al veicolo sia ampiamente regolata e testata per garantire la sicurezza del conducente e dei passeggeri. Senzati \u00e8 l&#8217;unico convertitore con omologazione del veicolo intero della Comunit\u00e0 Europea e omologazione Mercedes-Benz.<\/p>\n<p>Senzati<sup>\u00ae&nbsp;<\/sup> fa riferimento alle nostre approvazioni come manette d&#8217;oro. Sebbene l&#8217;omologazione europea del tipo e l&#8217;approvazione del produttore limitino le modifiche che possiamo apportare a un veicolo, garantiscono assolutamente che la sicurezza del conducente e dei passeggeri non sia compromessa. Garantisce inoltre che il veicolo funzioner\u00e0 correttamente per tutta la sua vita e che la manutenzione e la funzionalit\u00e0 non saranno compromesse.[\/vc_column_text][\/vc_column][\/vc_row]\n","protected":false},"excerpt":{"rendered":"<p>[vc_row type=&#8221;full_width_background&#8221; full_screen_row_position=&#8221;middle&#8221; column_margin=&#8221;default&#8221; column_direction=&#8221;default&#8221; column_direction_tablet=&#8221;default&#8221; column_direction_phone=&#8221;default&#8221; bg_color=&#8221;#000000&#8243; scene_position=&#8221;center&#8221; top_padding=&#8221;50&#8243; bottom_padding=&#8221;50&#8243; top_margin_phone=&#8221;-50px&#8221; text_color=&#8221;dark&#8221; text_align=&#8221;left&#8221; row_border_radius=&#8221;none&#8221; row_border_radius_applies=&#8221;bg&#8221; overflow=&#8221;visible&#8221; class=&#8221;shadow-block&#8221; overlay_strength=&#8221;0.3&#8243; gradient_direction=&#8221;left_to_right&#8221; shape_divider_position=&#8221;bottom&#8221; bg_image_animation=&#8221;none&#8221; gradient_type=&#8221;default&#8221; shape_type=&#8221;&#8221;][vc_column column_padding=&#8221;padding-5-percent&#8221; column_padding_tablet=&#8221;inherit&#8221; column_padding_phone=&#8221;inherit&#8221; column_padding_position=&#8221;all&#8221; column_element_direction_desktop=&#8221;default&#8221; column_element_spacing=&#8221;default&#8221;&#8230;<\/p>\n","protected":false},"author":1,"featured_media":0,"parent":0,"menu_order":0,"comment_status":"closed","ping_status":"closed","template":"","meta":{"_acf_changed":false,"inline_featured_image":false,"ngg_post_thumbnail":0,"footnotes":""},"class_list":["post-7874","page","type-page","status-publish"],"acf":[],"yoast_head":"<!-- This site is optimized with the Yoast SEO plugin v27.5 - https:\/\/yoast.com\/product\/yoast-seo-wordpress\/ -->\n<title>GUIDA ALL&#039;ACQUISTO - Senzati - Mercedes VIP V Class - Luxury People Carriers<\/title>\n<meta name=\"robots\" content=\"index, follow, max-snippet:-1, max-image-preview:large, max-video-preview:-1\" \/>\n<link rel=\"canonical\" href=\"https:\/\/www.senzati.com\/it\/guida-allacquisto\/\" \/>\n<meta property=\"og:locale\" content=\"it_IT\" \/>\n<meta property=\"og:type\" content=\"article\" \/>\n<meta property=\"og:title\" content=\"GUIDA ALL&#039;ACQUISTO - Senzati - Mercedes VIP V Class - Luxury People Carriers\" \/>\n<meta property=\"og:description\" content=\"[vc_row type=&#8221;full_width_background&#8221; full_screen_row_position=&#8221;middle&#8221; column_margin=&#8221;default&#8221; column_direction=&#8221;default&#8221; column_direction_tablet=&#8221;default&#8221; column_direction_phone=&#8221;default&#8221; bg_color=&#8221;#000000&#8243; scene_position=&#8221;center&#8221; top_padding=&#8221;50&#8243; bottom_padding=&#8221;50&#8243; top_margin_phone=&#8221;-50px&#8221; text_color=&#8221;dark&#8221; text_align=&#8221;left&#8221; row_border_radius=&#8221;none&#8221; row_border_radius_applies=&#8221;bg&#8221; overflow=&#8221;visible&#8221; class=&#8221;shadow-block&#8221; overlay_strength=&#8221;0.3&#8243; gradient_direction=&#8221;left_to_right&#8221; shape_divider_position=&#8221;bottom&#8221; bg_image_animation=&#8221;none&#8221; gradient_type=&#8221;default&#8221; shape_type=&#8221;&#8221;][vc_column column_padding=&#8221;padding-5-percent&#8221; column_padding_tablet=&#8221;inherit&#8221; column_padding_phone=&#8221;inherit&#8221; column_padding_position=&#8221;all&#8221; column_element_direction_desktop=&#8221;default&#8221; column_element_spacing=&#8221;default&#8221;...\" \/>\n<meta property=\"og:url\" content=\"https:\/\/www.senzati.com\/it\/guida-allacquisto\/\" \/>\n<meta property=\"og:site_name\" content=\"Senzati - Mercedes VIP V Class - Luxury People Carriers\" \/>\n<meta property=\"article:modified_time\" content=\"2023-01-18T08:23:36+00:00\" \/>\n<meta name=\"twitter:card\" content=\"summary_large_image\" \/>\n<meta name=\"twitter:label1\" content=\"Tempo di lettura stimato\" \/>\n\t<meta name=\"twitter:data1\" content=\"5 minuti\" \/>\n<script type=\"application\/ld+json\" class=\"yoast-schema-graph\">{\"@context\":\"https:\\\/\\\/schema.org\",\"@graph\":[{\"@type\":\"WebPage\",\"@id\":\"https:\\\/\\\/www.senzati.com\\\/it\\\/guida-allacquisto\\\/\",\"url\":\"https:\\\/\\\/www.senzati.com\\\/it\\\/guida-allacquisto\\\/\",\"name\":\"GUIDA ALL'ACQUISTO - Senzati - Mercedes VIP V Class - Luxury People Carriers\",\"isPartOf\":{\"@id\":\"https:\\\/\\\/www.senzati.com\\\/it\\\/#website\"},\"datePublished\":\"2023-01-04T12:07:15+00:00\",\"dateModified\":\"2023-01-18T08:23:36+00:00\",\"breadcrumb\":{\"@id\":\"https:\\\/\\\/www.senzati.com\\\/it\\\/guida-allacquisto\\\/#breadcrumb\"},\"inLanguage\":\"it-IT\",\"potentialAction\":[{\"@type\":\"ReadAction\",\"target\":[\"https:\\\/\\\/www.senzati.com\\\/it\\\/guida-allacquisto\\\/\"]}]},{\"@type\":\"BreadcrumbList\",\"@id\":\"https:\\\/\\\/www.senzati.com\\\/it\\\/guida-allacquisto\\\/#breadcrumb\",\"itemListElement\":[{\"@type\":\"ListItem\",\"position\":1,\"name\":\"Home\",\"item\":\"https:\\\/\\\/www.senzati.com\\\/it\\\/\"},{\"@type\":\"ListItem\",\"position\":2,\"name\":\"GUIDA ALL&#8217;ACQUISTO\"}]},{\"@type\":\"WebSite\",\"@id\":\"https:\\\/\\\/www.senzati.com\\\/it\\\/#website\",\"url\":\"https:\\\/\\\/www.senzati.com\\\/it\\\/\",\"name\":\"Senzati - Mercedes VIP V Class - Luxury People Carriers\",\"description\":\"Mercedes VIP V Class - Luxury People Carriers\",\"potentialAction\":[{\"@type\":\"SearchAction\",\"target\":{\"@type\":\"EntryPoint\",\"urlTemplate\":\"https:\\\/\\\/www.senzati.com\\\/it\\\/?s={search_term_string}\"},\"query-input\":{\"@type\":\"PropertyValueSpecification\",\"valueRequired\":true,\"valueName\":\"search_term_string\"}}],\"inLanguage\":\"it-IT\"}]}<\/script>\n<!-- \/ Yoast SEO plugin. -->","yoast_head_json":{"title":"GUIDA ALL'ACQUISTO - Senzati - Mercedes VIP V Class - Luxury People Carriers","robots":{"index":"index","follow":"follow","max-snippet":"max-snippet:-1","max-image-preview":"max-image-preview:large","max-video-preview":"max-video-preview:-1"},"canonical":"https:\/\/www.senzati.com\/it\/guida-allacquisto\/","og_locale":"it_IT","og_type":"article","og_title":"GUIDA ALL'ACQUISTO - Senzati - Mercedes VIP V Class - Luxury People Carriers","og_description":"[vc_row type=&#8221;full_width_background&#8221; full_screen_row_position=&#8221;middle&#8221; column_margin=&#8221;default&#8221; column_direction=&#8221;default&#8221; column_direction_tablet=&#8221;default&#8221; column_direction_phone=&#8221;default&#8221; bg_color=&#8221;#000000&#8243; scene_position=&#8221;center&#8221; top_padding=&#8221;50&#8243; bottom_padding=&#8221;50&#8243; top_margin_phone=&#8221;-50px&#8221; text_color=&#8221;dark&#8221; text_align=&#8221;left&#8221; row_border_radius=&#8221;none&#8221; row_border_radius_applies=&#8221;bg&#8221; overflow=&#8221;visible&#8221; class=&#8221;shadow-block&#8221; overlay_strength=&#8221;0.3&#8243; gradient_direction=&#8221;left_to_right&#8221; shape_divider_position=&#8221;bottom&#8221; bg_image_animation=&#8221;none&#8221; gradient_type=&#8221;default&#8221; shape_type=&#8221;&#8221;][vc_column column_padding=&#8221;padding-5-percent&#8221; column_padding_tablet=&#8221;inherit&#8221; column_padding_phone=&#8221;inherit&#8221; column_padding_position=&#8221;all&#8221; column_element_direction_desktop=&#8221;default&#8221; column_element_spacing=&#8221;default&#8221;...","og_url":"https:\/\/www.senzati.com\/it\/guida-allacquisto\/","og_site_name":"Senzati - Mercedes VIP V Class - Luxury People Carriers","article_modified_time":"2023-01-18T08:23:36+00:00","twitter_card":"summary_large_image","twitter_misc":{"Tempo di lettura stimato":"5 minuti"},"schema":{"@context":"https:\/\/schema.org","@graph":[{"@type":"WebPage","@id":"https:\/\/www.senzati.com\/it\/guida-allacquisto\/","url":"https:\/\/www.senzati.com\/it\/guida-allacquisto\/","name":"GUIDA ALL'ACQUISTO - Senzati - Mercedes VIP V Class - Luxury People Carriers","isPartOf":{"@id":"https:\/\/www.senzati.com\/it\/#website"},"datePublished":"2023-01-04T12:07:15+00:00","dateModified":"2023-01-18T08:23:36+00:00","breadcrumb":{"@id":"https:\/\/www.senzati.com\/it\/guida-allacquisto\/#breadcrumb"},"inLanguage":"it-IT","potentialAction":[{"@type":"ReadAction","target":["https:\/\/www.senzati.com\/it\/guida-allacquisto\/"]}]},{"@type":"BreadcrumbList","@id":"https:\/\/www.senzati.com\/it\/guida-allacquisto\/#breadcrumb","itemListElement":[{"@type":"ListItem","position":1,"name":"Home","item":"https:\/\/www.senzati.com\/it\/"},{"@type":"ListItem","position":2,"name":"GUIDA ALL&#8217;ACQUISTO"}]},{"@type":"WebSite","@id":"https:\/\/www.senzati.com\/it\/#website","url":"https:\/\/www.senzati.com\/it\/","name":"Senzati - Mercedes VIP V Class - Luxury People Carriers","description":"Mercedes VIP V Class - Luxury People Carriers","potentialAction":[{"@type":"SearchAction","target":{"@type":"EntryPoint","urlTemplate":"https:\/\/www.senzati.com\/it\/?s={search_term_string}"},"query-input":{"@type":"PropertyValueSpecification","valueRequired":true,"valueName":"search_term_string"}}],"inLanguage":"it-IT"}]}},"_links":{"self":[{"href":"https:\/\/www.senzati.com\/it\/wp-json\/wp\/v2\/pages\/7874","targetHints":{"allow":["GET"]}}],"collection":[{"href":"https:\/\/www.senzati.com\/it\/wp-json\/wp\/v2\/pages"}],"about":[{"href":"https:\/\/www.senzati.com\/it\/wp-json\/wp\/v2\/types\/page"}],"author":[{"embeddable":true,"href":"https:\/\/www.senzati.com\/it\/wp-json\/wp\/v2\/users\/1"}],"replies":[{"embeddable":true,"href":"https:\/\/www.senzati.com\/it\/wp-json\/wp\/v2\/comments?post=7874"}],"version-history":[{"count":1,"href":"https:\/\/www.senzati.com\/it\/wp-json\/wp\/v2\/pages\/7874\/revisions"}],"predecessor-version":[{"id":7875,"href":"https:\/\/www.senzati.com\/it\/wp-json\/wp\/v2\/pages\/7874\/revisions\/7875"}],"wp:attachment":[{"href":"https:\/\/www.senzati.com\/it\/wp-json\/wp\/v2\/media?parent=7874"}],"curies":[{"name":"wp","href":"https:\/\/api.w.org\/{rel}","templated":true}]}}